{"id":697,"date":"2023-05-25T13:16:53","date_gmt":"2023-05-25T11:16:53","guid":{"rendered":"https:\/\/cardiosteinfort.lu\/?page_id=697"},"modified":"2023-11-08T14:14:15","modified_gmt":"2023-11-08T13:14:15","slug":"legal","status":"publish","type":"page","link":"https:\/\/cardiosteinfort.lu\/en\/legal\/","title":{"rendered":"Imprint"},"content":{"rendered":"<h2 class=\"wp-block-heading has-text-align-center\">Pflichtangaben<br>gem\u00e4\u00df \u00a7 5 Telemediengesetz (TMG) und \u00a7 55 Rundfunk Staatsvertrag (RStV)<\/h2>\n\n\n\n<h3 class=\"gb-headline gb-headline-0ee20c02 gb-headline-text\"><strong>Groupe Cardiologique Steinfort<\/strong><\/h3>\n\n\n\n<p class=\"has-text-align-center\"><br>Berufsaus\u00fcbungsgemeinschaft in der Rechtsform einer Zivilgesellschaft <br>Vertretungsberechtigte Gesellschafter: Dr. Med. Anja Gutmann , Dr. Mike Tossing<br>62, rue de Luxembourg<br>8440 Steinfort<br>Tel: +\u200a49\u200612\u2009\u2013\u200934 56 78-0<br>Fax: +\u200a49\u200612\u2009\u2013\u200934 56 78-9<br>E-Mail: info@cardiosteinfort.lu<br>Web: www.cardiosteinfort.lu<\/p>\n\n\n\n<h3 class=\"gb-headline gb-headline-d2a4b2b2 gb-headline-text\"><strong>Verantwortlich f\u00fcr den Inhalt nach \u00a7 55 Abs. 2 RStV<\/strong><\/h3>\n\n\n\n<p class=\"has-text-align-center\">Fr. Dr. Med. Anja Gutmann<br>62, rue de Luxembourg<br>8440 Steinfort<br>E-Mail: info@cardiosteinfort.lu<br><\/p>\n\n\n\n<h4 class=\"gb-headline gb-headline-20c3c294 gb-headline-text\"><strong>Berufsbezeichnung Fr. Dr. Med. Anja Gutmann MBY : Kardiologe<\/strong><\/h4>\n\n\n\n<p class=\"has-text-align-center\">Zust\u00e4ndige Kammer: Coll\u00e8ge m\u00e9dical<br>Verliehen durch: Universit\u00e4t Freiburg (Deutschland)<br>Es gelten folgende berufsrechtliche Regelungen: Code de d\u00e9ontologie m\u00e9dicale<br>Regelungen einsehbar unter:<br>http:\/\/www.collegemedical.lu\/Fr\/deontologie\/<\/p>\n\n\n\n<h4 class=\"gb-headline gb-headline-e5c9b088 gb-headline-text\"><strong>Berufsbezeichnung Hr. Dr. Med. Mike Tossing : Kardiologe<\/strong><\/h4>\n\n\n\n<p class=\"has-text-align-center\">Zust\u00e4ndige Kammer: Coll\u00e8ge m\u00e9dical<br>Verliehen durch: Universit\u00e4t Heidelberg (Deutschland)<br>Es gelten folgende berufsrechtliche Regelungen: Code de d\u00e9ontologie m\u00e9dicale<br>Regelungen einsehbar unter:<br>http:\/\/www.collegemedical.lu\/Fr\/deontologie\/<\/p>\n\n\n\n<h3 class=\"wp-block-heading has-text-align-center\"><strong>Design und Realisation<\/strong><\/h3>\n\n\n\n<p class=\"has-text-align-center\"><strong>Webdesign<\/strong><br><a href=\"https:\/\/felipe-design.de\">Felipe Communications<\/a><br><strong>Technische Umsetzung<\/strong><br><a href=\"https:\/\/mucbyte.com\">WordPress Agentur M\u00fcnchen \u2013 mucByte<\/a><\/p>\n\n\n\n<h2 class=\"gb-headline gb-headline-e924c03e gb-headline-text\"><strong>Haftungsausschluss<\/strong><br>Haftung f\u00fcr Inhalte<\/h2>\n\n\n\n<p class=\"has-text-align-center\">Als Diensteanbieter sind wir gem\u00e4\u00df \u00a7 7 Abs.1 TMG f\u00fcr eigene Inhalte auf diesen Seiten nach den allgemeinen Gesetzen verantwortlich.<br> Nach \u00a7\u00a7 8 bis 10 TMG sind wir als Diensteanbieter jedoch nicht verpflichtet, \u00fcbermittelte oder gespeicherte fremde Informationen zu \u00fcberwachen oder nach Umst\u00e4nden zu forschen, die auf eine rechtswidrige T\u00e4tigkeit hinweisen.<\/p>\n\n\n\n<p class=\"has-text-align-center\">Die Verpflichtungen zur Entfernung oder Sperrung der Nutzung von Informationen nach den allgemeinen Gesetzen bleiben hiervon unber\u00fchrt.<br>Eine diesbez\u00fcgliche Haftung ist jedoch erst ab dem Zeitpunkt der Kenntnis einer konkreten Rechtsverletzung m\u00f6glich.<br> Bei Bekanntwerden von entsprechenden Rechtsverletzungen werden wir diese Inhalte umgehend entfernen.<\/p>\n\n\n\n<h3 class=\"gb-headline gb-headline-f21fb670 gb-headline-text\"><br><strong>Haftung f\u00fcr Links<\/strong><\/h3>\n\n\n\n<p class=\"has-text-align-center\">Unser Angebot enth\u00e4lt Links zu externen Websites Dritter, auf deren Inhalte wir keinen Einfluss haben. <br>Deshalb k\u00f6nnen wir f\u00fcr diese fremden Inhalte auch keine Gew\u00e4hr \u00fcbernehmen. F\u00fcr die Inhalte der verlinkten Seiten ist stets der jeweilige Anbieter oder Betreiber der Seiten verantwortlich. <br>Die verlinkten Seiten wurden zum Zeitpunkt der Verlinkung auf m\u00f6gliche Rechtsverst\u00f6\u00dfe \u00fcberpr\u00fcft. Rechtswidrige Inhalte waren zum Zeitpunkt der Verlinkung nicht erkennbar.<br>Eine permanente inhaltliche Kontrolle der verlinkten Seiten ist jedoch ohne konkrete Anhaltspunkte einer Rechtsverletzung nicht zumutbar. Bei Bekanntwerden von Rechtsverletzungen werden wir derartige Links umgehend entfernen.<\/p>\n\n\n\n<h3 class=\"gb-headline gb-headline-a686e6f7 gb-headline-text\"><br><strong>Urheberrecht<\/strong><\/h3>\n\n\n\n<p class=\"has-text-align-center\">Die durch die Seitenbetreiber erstellten Inhalte und Werke auf diesen Seiten unterliegen dem deutschen Urheberrecht.<br> Die Vervielf\u00e4ltigung, Bearbeitung, Verbreitung und jede Art der Verwertung au\u00dferhalb der Grenzen des Urheberrechtes bed\u00fcrfen der schriftlichen Zustimmung des jeweiligen Autors bzw. Erstellers. <br>Downloads und Kopien dieser Seite sind nur f\u00fcr den privaten, nicht kommerziellen Gebrauch gestattet.<\/p>\n\n\n\n<p class=\"has-text-align-center\">Soweit die Inhalte auf dieser Seite nicht vom Betreiber erstellt wurden, werden die Urheberrechte Dritter beachtet.<br> Insbesondere werden Inhalte Dritter als solche gekennzeichnet. Sollten Sie trotzdem auf eine Urheberrechtsverletzung aufmerksam werden, bitten wir um einen entsprechenden Hinweis. <br>Bei Bekanntwerden von Rechtsverletzungen werden wir derartige Inhalte umgehend entfernen.<\/p>\n\n\n\n<p class=\"has-text-align-center\"><br><strong><a href=\"https:\/\/cardiosteinfort.lu\/en\/privacy\/\">Datenschutzerkl\u00e4rung<\/a><\/strong><\/p>","protected":false},"excerpt":{"rendered":"<p>Pflichtangabengem\u00e4\u00df \u00a7 5 Telemediengesetz (TMG) und \u00a7 55 Rundfunk Staatsvertrag (RStV) Groupe Cardiologique Steinfort Berufsaus\u00fcbungsgemeinschaft in der Rechtsform einer Zivilgesellschaft Vertretungsberechtigte Gesellschafter: Dr. Med. Anja Gutmann , Dr. Mike Tossing62, rue de Luxembourg8440 SteinfortTel: +\u200a49\u200612\u2009\u2013\u200934 56 78-0Fax: +\u200a49\u200612\u2009\u2013\u200934 56 78-9E-Mail: info@cardiosteinfort.luWeb: www.cardiosteinfort.lu Verantwortlich f\u00fcr den Inhalt nach \u00a7 55 Abs. 2 RStV Fr. Dr. Med. &#8230; <a title=\"Imprint\" class=\"read-more\" href=\"https:\/\/cardiosteinfort.lu\/en\/legal\/\" aria-label=\"Read more about Impressum\">Read more<\/a><\/p>","protected":false},"author":1,"featured_media":0,"parent":0,"menu_order":0,"comment_status":"closed","ping_status":"closed","template":"","meta":{"footnotes":""},"class_list":["post-697","page","type-page","status-publish"],"yoast_head":"<!-- This site is optimized with the Yoast SEO plugin v27.5 - https:\/\/yoast.com\/product\/yoast-seo-wordpress\/ -->\n<title>Impressum - Groupe Cardiologique Steinfort<\/title>\n<meta name=\"robots\" content=\"index, follow, max-snippet:-1, max-image-preview:large, max-video-preview:-1\" \/>\n<link rel=\"canonical\" href=\"https:\/\/cardiosteinfort.lu\/en\/legal\/\" \/>\n<meta property=\"og:locale\" content=\"en_GB\" \/>\n<meta property=\"og:type\" content=\"article\" \/>\n<meta property=\"og:title\" content=\"Impressum - Groupe Cardiologique Steinfort\" \/>\n<meta property=\"og:description\" content=\"Pflichtangabengem\u00e4\u00df \u00a7 5 Telemediengesetz (TMG) und \u00a7 55 Rundfunk Staatsvertrag (RStV) Groupe Cardiologique Steinfort Berufsaus\u00fcbungsgemeinschaft in der Rechtsform einer Zivilgesellschaft Vertretungsberechtigte Gesellschafter: Dr. Med. Anja Gutmann , Dr. Mike Tossing62, rue de Luxembourg8440 SteinfortTel: +\u200a49\u200612\u2009\u2013\u200934 56 78-0Fax: +\u200a49\u200612\u2009\u2013\u200934 56 78-9E-Mail: info@cardiosteinfort.luWeb: www.cardiosteinfort.lu Verantwortlich f\u00fcr den Inhalt nach \u00a7 55 Abs. 2 RStV Fr. Dr. Med. ... Read more\" \/>\n<meta property=\"og:url\" content=\"https:\/\/cardiosteinfort.lu\/en\/legal\/\" \/>\n<meta property=\"og:site_name\" content=\"Groupe Cardiologique Steinfort\" \/>\n<meta property=\"article:modified_time\" content=\"2023-11-08T13:14:15+00:00\" \/>\n<meta name=\"twitter:card\" content=\"summary_large_image\" \/>\n<meta name=\"twitter:label1\" content=\"Estimated reading time\" \/>\n\t<meta name=\"twitter:data1\" content=\"3 minutes\" \/>\n<script type=\"application\/ld+json\" class=\"yoast-schema-graph\">{\"@context\":\"https:\\\/\\\/schema.org\",\"@graph\":[{\"@type\":\"WebPage\",\"@id\":\"https:\\\/\\\/cardiosteinfort.lu\\\/legal\\\/\",\"url\":\"https:\\\/\\\/cardiosteinfort.lu\\\/legal\\\/\",\"name\":\"Impressum - Groupe Cardiologique Steinfort\",\"isPartOf\":{\"@id\":\"https:\\\/\\\/cardiosteinfort.lu\\\/#website\"},\"datePublished\":\"2023-05-25T11:16:53+00:00\",\"dateModified\":\"2023-11-08T13:14:15+00:00\",\"breadcrumb\":{\"@id\":\"https:\\\/\\\/cardiosteinfort.lu\\\/legal\\\/#breadcrumb\"},\"inLanguage\":\"en-GB\",\"potentialAction\":[{\"@type\":\"ReadAction\",\"target\":[\"https:\\\/\\\/cardiosteinfort.lu\\\/legal\\\/\"]}]},{\"@type\":\"BreadcrumbList\",\"@id\":\"https:\\\/\\\/cardiosteinfort.lu\\\/legal\\\/#breadcrumb\",\"itemListElement\":[{\"@type\":\"ListItem\",\"position\":1,\"name\":\"Home\",\"item\":\"https:\\\/\\\/cardiosteinfort.lu\\\/\"},{\"@type\":\"ListItem\",\"position\":2,\"name\":\"Impressum\"}]},{\"@type\":\"WebSite\",\"@id\":\"https:\\\/\\\/cardiosteinfort.lu\\\/#website\",\"url\":\"https:\\\/\\\/cardiosteinfort.lu\\\/\",\"name\":\"Groupe Cardiologique Steinfort\",\"description\":\"\",\"publisher\":{\"@id\":\"https:\\\/\\\/cardiosteinfort.lu\\\/#organization\"},\"potentialAction\":[{\"@type\":\"SearchAction\",\"target\":{\"@type\":\"EntryPoint\",\"urlTemplate\":\"https:\\\/\\\/cardiosteinfort.lu\\\/?s={search_term_string}\"},\"query-input\":{\"@type\":\"PropertyValueSpecification\",\"valueRequired\":true,\"valueName\":\"search_term_string\"}}],\"inLanguage\":\"en-GB\"},{\"@type\":\"Organization\",\"@id\":\"https:\\\/\\\/cardiosteinfort.lu\\\/#organization\",\"name\":\"Groupe Cardiologique Steinfort\",\"url\":\"https:\\\/\\\/cardiosteinfort.lu\\\/\",\"logo\":{\"@type\":\"ImageObject\",\"inLanguage\":\"en-GB\",\"@id\":\"https:\\\/\\\/cardiosteinfort.lu\\\/#\\\/schema\\\/logo\\\/image\\\/\",\"url\":\"https:\\\/\\\/cardiosteinfort.lu\\\/wp-content\\\/uploads\\\/logo-desktop.png\",\"contentUrl\":\"https:\\\/\\\/cardiosteinfort.lu\\\/wp-content\\\/uploads\\\/logo-desktop.png\",\"width\":784,\"height\":114,\"caption\":\"Groupe Cardiologique Steinfort\"},\"image\":{\"@id\":\"https:\\\/\\\/cardiosteinfort.lu\\\/#\\\/schema\\\/logo\\\/image\\\/\"}}]}<\/script>\n<!-- \/ Yoast SEO plugin. -->","yoast_head_json":{"title":"Impressum - Groupe Cardiologique Steinfort","robots":{"index":"index","follow":"follow","max-snippet":"max-snippet:-1","max-image-preview":"max-image-preview:large","max-video-preview":"max-video-preview:-1"},"canonical":"https:\/\/cardiosteinfort.lu\/en\/legal\/","og_locale":"en_GB","og_type":"article","og_title":"Impressum - Groupe Cardiologique Steinfort","og_description":"Pflichtangabengem\u00e4\u00df \u00a7 5 Telemediengesetz (TMG) und \u00a7 55 Rundfunk Staatsvertrag (RStV) Groupe Cardiologique Steinfort Berufsaus\u00fcbungsgemeinschaft in der Rechtsform einer Zivilgesellschaft Vertretungsberechtigte Gesellschafter: Dr. Med. Anja Gutmann , Dr. Mike Tossing62, rue de Luxembourg8440 SteinfortTel: +\u200a49\u200612\u2009\u2013\u200934 56 78-0Fax: +\u200a49\u200612\u2009\u2013\u200934 56 78-9E-Mail: info@cardiosteinfort.luWeb: www.cardiosteinfort.lu Verantwortlich f\u00fcr den Inhalt nach \u00a7 55 Abs. 2 RStV Fr. Dr. Med. ... Read more","og_url":"https:\/\/cardiosteinfort.lu\/en\/legal\/","og_site_name":"Groupe Cardiologique Steinfort","article_modified_time":"2023-11-08T13:14:15+00:00","twitter_card":"summary_large_image","twitter_misc":{"Estimated reading time":"3 minutes"},"schema":{"@context":"https:\/\/schema.org","@graph":[{"@type":"WebPage","@id":"https:\/\/cardiosteinfort.lu\/legal\/","url":"https:\/\/cardiosteinfort.lu\/legal\/","name":"Impressum - Groupe Cardiologique Steinfort","isPartOf":{"@id":"https:\/\/cardiosteinfort.lu\/#website"},"datePublished":"2023-05-25T11:16:53+00:00","dateModified":"2023-11-08T13:14:15+00:00","breadcrumb":{"@id":"https:\/\/cardiosteinfort.lu\/legal\/#breadcrumb"},"inLanguage":"en-GB","potentialAction":[{"@type":"ReadAction","target":["https:\/\/cardiosteinfort.lu\/legal\/"]}]},{"@type":"BreadcrumbList","@id":"https:\/\/cardiosteinfort.lu\/legal\/#breadcrumb","itemListElement":[{"@type":"ListItem","position":1,"name":"Home","item":"https:\/\/cardiosteinfort.lu\/"},{"@type":"ListItem","position":2,"name":"Impressum"}]},{"@type":"WebSite","@id":"https:\/\/cardiosteinfort.lu\/#website","url":"https:\/\/cardiosteinfort.lu\/","name":"Groupe Cardiologique Steinfort","description":"","publisher":{"@id":"https:\/\/cardiosteinfort.lu\/#organization"},"potentialAction":[{"@type":"SearchAction","target":{"@type":"EntryPoint","urlTemplate":"https:\/\/cardiosteinfort.lu\/?s={search_term_string}"},"query-input":{"@type":"PropertyValueSpecification","valueRequired":true,"valueName":"search_term_string"}}],"inLanguage":"en-GB"},{"@type":"Organization","@id":"https:\/\/cardiosteinfort.lu\/#organization","name":"Groupe Cardiologique Steinfort","url":"https:\/\/cardiosteinfort.lu\/","logo":{"@type":"ImageObject","inLanguage":"en-GB","@id":"https:\/\/cardiosteinfort.lu\/#\/schema\/logo\/image\/","url":"https:\/\/cardiosteinfort.lu\/wp-content\/uploads\/logo-desktop.png","contentUrl":"https:\/\/cardiosteinfort.lu\/wp-content\/uploads\/logo-desktop.png","width":784,"height":114,"caption":"Groupe Cardiologique Steinfort"},"image":{"@id":"https:\/\/cardiosteinfort.lu\/#\/schema\/logo\/image\/"}}]}},"_links":{"self":[{"href":"https:\/\/cardiosteinfort.lu\/en\/wp-json\/wp\/v2\/pages\/697","targetHints":{"allow":["GET"]}}],"collection":[{"href":"https:\/\/cardiosteinfort.lu\/en\/wp-json\/wp\/v2\/pages"}],"about":[{"href":"https:\/\/cardiosteinfort.lu\/en\/wp-json\/wp\/v2\/types\/page"}],"author":[{"embeddable":true,"href":"https:\/\/cardiosteinfort.lu\/en\/wp-json\/wp\/v2\/users\/1"}],"replies":[{"embeddable":true,"href":"https:\/\/cardiosteinfort.lu\/en\/wp-json\/wp\/v2\/comments?post=697"}],"version-history":[{"count":9,"href":"https:\/\/cardiosteinfort.lu\/en\/wp-json\/wp\/v2\/pages\/697\/revisions"}],"predecessor-version":[{"id":855,"href":"https:\/\/cardiosteinfort.lu\/en\/wp-json\/wp\/v2\/pages\/697\/revisions\/855"}],"wp:attachment":[{"href":"https:\/\/cardiosteinfort.lu\/en\/wp-json\/wp\/v2\/media?parent=697"}],"curies":[{"name":"wp","href":"https:\/\/api.w.org\/{rel}","templated":true}]}}